{"id":9,"date":"2023-11-21T08:43:14","date_gmt":"2023-11-21T08:43:14","guid":{"rendered":"https:\/\/villa4vibes.com\/?page_id=9"},"modified":"2025-08-26T10:44:54","modified_gmt":"2025-08-26T10:44:54","slug":"impressum","status":"publish","type":"page","link":"https:\/\/vino4vibes.de\/en\/impressum\/","title":{"rendered":"imprint"},"content":{"rendered":"<div data-elementor-type=\"wp-page\" data-elementor-id=\"9\" class=\"elementor elementor-9\" data-elementor-post-type=\"page\">\n\t\t\t\t\t\t<section class=\"elementor-section elementor-top-section elementor-element elementor-element-08f39a7 elementor-section-boxed elementor-section-height-default elementor-section-height-default\" data-id=\"08f39a7\" data-element_type=\"section\" data-e-type=\"section\">\n\t\t\t\t\t\t<div class=\"elementor-container elementor-column-gap-default\">\n\t\t\t\t\t<div class=\"elementor-column elementor-col-100 elementor-top-column elementor-element elementor-element-6ad41a2\" data-id=\"6ad41a2\" data-element_type=\"column\" data-e-type=\"column\">\n\t\t\t<div class=\"elementor-widget-wrap elementor-element-populated\">\n\t\t\t\t\t\t<div class=\"elementor-element elementor-element-a383f4c elementor-widget elementor-widget-heading\" data-id=\"a383f4c\" data-element_type=\"widget\" data-e-type=\"widget\" data-widget_type=\"heading.default\">\n\t\t\t\t<div class=\"elementor-widget-container\">\n\t\t\t\t\t<h2 class=\"elementor-heading-title elementor-size-default\">imprint<\/h2>\t\t\t\t<\/div>\n\t\t\t\t<\/div>\n\t\t\t\t<div class=\"elementor-element elementor-element-53b37f5 elementor-widget elementor-widget-text-editor\" data-id=\"53b37f5\" data-element_type=\"widget\" data-e-type=\"widget\" data-widget_type=\"text-editor.default\">\n\t\t\t\t<div class=\"elementor-widget-container\">\n\t\t\t\t\t\t\t\t\t<p>Vino 4 Vibes GmbH<\/p><p>Address <br \/>Stolzenbergstra\u00dfe 26<br \/>76532 Baden-Baden<\/p><p>Managing partners: Julia Kohler &amp; Moritz G\u00f6rgner<br \/>Phone: +49 7221 37 71 407<br \/>E-Mail <a href=\"mailto:info@vino4vibes.com\">info@vino4vibes.com<\/a><\/p><p>VAT identification number gem. \u00a7 27a UStG:\u00a0 DE365943252<br \/>Amtsgericht Mannheim HRB 752411<\/p><p>Responsible for content: According to \u00a75 Telemedia Act and \u00a755 Broadcasting State Treaty<br \/><span class=\"\">Vino 4 Vibes GmbH<\/span><\/p><p>Bankverbindung Sparkasse Hegau-Bodensee <br \/>IBAN: DE79 6925 0035 1055 6476 61 <br \/>BIC: solades1sng<\/p><p><span style=\"text-decoration: underline;\"><strong>Disclaimer<\/strong><\/span><br \/>Content<br \/>Despite careful checking of the contents, Vino4Vibes assumes no liability for the topicality, correctness, completeness or quality of the information provided. Liability claims against Vino4Vibes that relate to material or immaterial damage caused by the use or non-use of the information provided or by incorrect and incomplete information are fundamentally excluded, unless Vino4Vibes can be proven to have acted intentionally or with gross negligence . Vino4Vibes expressly reserves the right to change, supplement, delete or cease publication of parts of the site or the entire offering without prior notice.<\/p><p><span style=\"text-decoration: underline;\"><strong>Links<\/strong><\/span><br \/>Vino4Vibes hereby expressly declares that at the time the links were created, the linked pages did not contain any illegal content. Vino4Vibes has no influence on the current and future design of the linked pages. Vino4Vibes therefore hereby expressly distances itself from all changes to the content that are made on the linked pages after the links have been set. Vino4Vibes is not responsible for the content, availability, correctness and accuracy of the linked sites, their offers, links or advertisements. Vino4Vibes is not liable for illegal, incorrect or incomplete content and in particular not for damage caused by the use or non-use of the information offered on the linked pages.<\/p><p><span style=\"text-decoration: underline;\"><strong>copyright<\/strong><\/span><br \/>Vino4Vibes strives to observe applicable copyrights in all publications. Should a copyright infringement nevertheless occur, Vino4Vibes will remove the relevant object from its publication after notification or mark it with the corresponding copyright.<\/p><p><span style=\"text-decoration: underline;\"><strong>Imagery<\/strong><\/span><br \/>The images used come from Vino4Vibes' private recordings. The images may vary depending on the vintage. Please take the vintage into account in the product description.\u00a0<\/p><p>Adobe Stock: <br \/>People clinking glasses&#8230; 365544947\u00a9minastefanovic <br \/>trendy funny pineapple 146428384\u00a9Anna Khomulo\u00a0<br \/>Flower Crayon Drawing 619446244\u00a9Grunge Designs\u00a0 <br \/>Silhouette of children jump gladness happy time 110500990\u00a9Johnstocker\u00a0<br \/>Portrait of cute charming elegant party &#8230; 278704303\u00a9deagreez\u00a0<br \/>Male sommelier pouring white wine into wineglasses 268986749\u00a9 Ilshat\u00a0<br \/>Dancing friends 98161746\u00a9pressmaster\u00a0<br \/>Blue water splash 578330006\u00a9 phive2015\u00a0<br \/>color water splash isolated on white 642423113\u00a9Tidarat <br \/>Orange juice splash isolated on.. 621582109\u00a9niloo\u00a0<br \/>Portrait of a funny child girl shows hands dirty with paint. 620023397\u00a9Pro Hi-Res\u00a0<br \/>Dancing into the New Year 211614039\u00a9 bernardbodo\u00a0<br \/>Expert barman is making cocktail 243291918\u00a9master1305\u00a0<br \/>Expert barman is making cocktail at night 242301466\u00a9master1305\u00a0<\/p><p><span style=\"text-decoration: underline;\"><strong>EU dispute resolution<\/strong><\/span><\/p><p>The European Commission provides a platform for online dispute resolution (OS): https:\/\/ec.europa.eu\/consumers\/odr\/.<br \/>You can find our email address in the legal notice above.<\/p>\t\t\t\t\t\t\t\t<\/div>\n\t\t\t\t<\/div>\n\t\t\t\t\t<\/div>\n\t\t<\/div>\n\t\t\t\t\t<\/div>\n\t\t<\/section>\n\t\t\t\t<\/div>","protected":false},"excerpt":{"rendered":"<p>Impressum Vino 4 Vibes GmbH Adresse: Stolzenbergstra\u00dfe 2676532 Baden-Baden Gesch\u00e4ftsf\u00fchrende Gesellschafter: Julia Kohler &amp; Moritz G\u00f6rgnerTelefon: +49 7221 37 71 407E-Mail-Adresse: info@vino4vibes.com Umsatzsteuer-Identifikationsnummer gem. \u00a7 27a UStG:\u00a0 DE365943252Amtsgericht Mannheim HRB 752411 Inhaltlich verantwortlich: Laut \u00a75 Telemediengesetz und \u00a755 Rundfunk-StaatsvertragVino 4 Vibes GmbH Bankverbindung Sparkasse Hegau-Bodensee IBAN: DE79 6925 0035 1055 6476 61 BIC: solades1sng HaftungsausschlussInhalteDie [&hellip;]<\/p>\n","protected":false},"author":2,"featured_media":0,"parent":0,"menu_order":0,"comment_status":"closed","ping_status":"closed","template":"elementor_header_footer","meta":{"footnotes":""},"class_list":["post-9","page","type-page","status-publish","hentry","entry"],"yoast_head":"<!-- This site is optimized with the Yoast SEO plugin v27.3 - https:\/\/yoast.com\/product\/yoast-seo-wordpress\/ -->\n<title>Impressum - Vino4Vibes<\/title>\n<meta name=\"robots\" content=\"index, follow, max-snippet:-1, max-image-preview:large, max-video-preview:-1\" \/>\n<link rel=\"canonical\" href=\"https:\/\/vino4vibes.de\/en\/impressum\/\" \/>\n<meta property=\"og:locale\" content=\"en_US\" \/>\n<meta property=\"og:type\" content=\"article\" \/>\n<meta property=\"og:title\" content=\"Impressum - Vino4Vibes\" \/>\n<meta property=\"og:description\" content=\"Impressum Vino 4 Vibes GmbH Adresse: Stolzenbergstra\u00dfe 2676532 Baden-Baden Gesch\u00e4ftsf\u00fchrende Gesellschafter: Julia Kohler &amp; Moritz G\u00f6rgnerTelefon: +49 7221 37 71 407E-Mail-Adresse: info@vino4vibes.com Umsatzsteuer-Identifikationsnummer gem. \u00a7 27a UStG:\u00a0 DE365943252Amtsgericht Mannheim HRB 752411 Inhaltlich verantwortlich: Laut \u00a75 Telemediengesetz und \u00a755 Rundfunk-StaatsvertragVino 4 Vibes GmbH Bankverbindung Sparkasse Hegau-Bodensee IBAN: DE79 6925 0035 1055 6476 61 BIC: solades1sng HaftungsausschlussInhalteDie [&hellip;]\" \/>\n<meta property=\"og:url\" content=\"https:\/\/vino4vibes.de\/en\/impressum\/\" \/>\n<meta property=\"og:site_name\" content=\"Vino4Vibes\" \/>\n<meta property=\"article:modified_time\" content=\"2025-08-26T10:44:54+00:00\" \/>\n<meta name=\"twitter:card\" content=\"summary_large_image\" \/>\n<meta name=\"twitter:label1\" content=\"Est. reading time\" \/>\n\t<meta name=\"twitter:data1\" content=\"3 minutes\" \/>\n<script type=\"application\/ld+json\" class=\"yoast-schema-graph\">{\"@context\":\"https:\\\/\\\/schema.org\",\"@graph\":[{\"@type\":\"WebPage\",\"@id\":\"https:\\\/\\\/vino4vibes.de\\\/impressum\\\/\",\"url\":\"https:\\\/\\\/vino4vibes.de\\\/impressum\\\/\",\"name\":\"Impressum - Vino4Vibes\",\"isPartOf\":{\"@id\":\"https:\\\/\\\/vino4vibes.de\\\/#website\"},\"datePublished\":\"2023-11-21T08:43:14+00:00\",\"dateModified\":\"2025-08-26T10:44:54+00:00\",\"breadcrumb\":{\"@id\":\"https:\\\/\\\/vino4vibes.de\\\/impressum\\\/#breadcrumb\"},\"inLanguage\":\"en-US\",\"potentialAction\":[{\"@type\":\"ReadAction\",\"target\":[\"https:\\\/\\\/vino4vibes.de\\\/impressum\\\/\"]}]},{\"@type\":\"BreadcrumbList\",\"@id\":\"https:\\\/\\\/vino4vibes.de\\\/impressum\\\/#breadcrumb\",\"itemListElement\":[{\"@type\":\"ListItem\",\"position\":1,\"name\":\"Startseite\",\"item\":\"https:\\\/\\\/vino4vibes.de\\\/\"},{\"@type\":\"ListItem\",\"position\":2,\"name\":\"Impressum\"}]},{\"@type\":\"WebSite\",\"@id\":\"https:\\\/\\\/vino4vibes.de\\\/#website\",\"url\":\"https:\\\/\\\/vino4vibes.de\\\/\",\"name\":\"Vino4Vibes\",\"description\":\"good drinks \\\/\\\/ good vibes\",\"publisher\":{\"@id\":\"https:\\\/\\\/vino4vibes.de\\\/#organization\"},\"potentialAction\":[{\"@type\":\"SearchAction\",\"target\":{\"@type\":\"EntryPoint\",\"urlTemplate\":\"https:\\\/\\\/vino4vibes.de\\\/?s={search_term_string}\"},\"query-input\":{\"@type\":\"PropertyValueSpecification\",\"valueRequired\":true,\"valueName\":\"search_term_string\"}}],\"inLanguage\":\"en-US\"},{\"@type\":\"Organization\",\"@id\":\"https:\\\/\\\/vino4vibes.de\\\/#organization\",\"name\":\"Vino4Vibes\",\"url\":\"https:\\\/\\\/vino4vibes.de\\\/\",\"logo\":{\"@type\":\"ImageObject\",\"inLanguage\":\"en-US\",\"@id\":\"https:\\\/\\\/vino4vibes.de\\\/#\\\/schema\\\/logo\\\/image\\\/\",\"url\":\"https:\\\/\\\/vino4vibes.de\\\/wp-content\\\/uploads\\\/2023\\\/11\\\/V4V_Logo_10_11_23-web-schwarz.webp\",\"contentUrl\":\"https:\\\/\\\/vino4vibes.de\\\/wp-content\\\/uploads\\\/2023\\\/11\\\/V4V_Logo_10_11_23-web-schwarz.webp\",\"width\":1200,\"height\":1200,\"caption\":\"Vino4Vibes\"},\"image\":{\"@id\":\"https:\\\/\\\/vino4vibes.de\\\/#\\\/schema\\\/logo\\\/image\\\/\"}}]}<\/script>\n<!-- \/ Yoast SEO plugin. -->","yoast_head_json":{"title":"Impressum - Vino4Vibes","robots":{"index":"index","follow":"follow","max-snippet":"max-snippet:-1","max-image-preview":"max-image-preview:large","max-video-preview":"max-video-preview:-1"},"canonical":"https:\/\/vino4vibes.de\/en\/impressum\/","og_locale":"en_US","og_type":"article","og_title":"Impressum - Vino4Vibes","og_description":"Impressum Vino 4 Vibes GmbH Adresse: Stolzenbergstra\u00dfe 2676532 Baden-Baden Gesch\u00e4ftsf\u00fchrende Gesellschafter: Julia Kohler &amp; Moritz G\u00f6rgnerTelefon: +49 7221 37 71 407E-Mail-Adresse: info@vino4vibes.com Umsatzsteuer-Identifikationsnummer gem. \u00a7 27a UStG:\u00a0 DE365943252Amtsgericht Mannheim HRB 752411 Inhaltlich verantwortlich: Laut \u00a75 Telemediengesetz und \u00a755 Rundfunk-StaatsvertragVino 4 Vibes GmbH Bankverbindung Sparkasse Hegau-Bodensee IBAN: DE79 6925 0035 1055 6476 61 BIC: solades1sng HaftungsausschlussInhalteDie [&hellip;]","og_url":"https:\/\/vino4vibes.de\/en\/impressum\/","og_site_name":"Vino4Vibes","article_modified_time":"2025-08-26T10:44:54+00:00","twitter_card":"summary_large_image","twitter_misc":{"Est. reading time":"3 minutes"},"schema":{"@context":"https:\/\/schema.org","@graph":[{"@type":"WebPage","@id":"https:\/\/vino4vibes.de\/impressum\/","url":"https:\/\/vino4vibes.de\/impressum\/","name":"Impressum - Vino4Vibes","isPartOf":{"@id":"https:\/\/vino4vibes.de\/#website"},"datePublished":"2023-11-21T08:43:14+00:00","dateModified":"2025-08-26T10:44:54+00:00","breadcrumb":{"@id":"https:\/\/vino4vibes.de\/impressum\/#breadcrumb"},"inLanguage":"en-US","potentialAction":[{"@type":"ReadAction","target":["https:\/\/vino4vibes.de\/impressum\/"]}]},{"@type":"BreadcrumbList","@id":"https:\/\/vino4vibes.de\/impressum\/#breadcrumb","itemListElement":[{"@type":"ListItem","position":1,"name":"Startseite","item":"https:\/\/vino4vibes.de\/"},{"@type":"ListItem","position":2,"name":"Impressum"}]},{"@type":"WebSite","@id":"https:\/\/vino4vibes.de\/#website","url":"https:\/\/vino4vibes.de\/","name":"Vino4Vibes","description":"good drinks \/\/ good vibes","publisher":{"@id":"https:\/\/vino4vibes.de\/#organization"},"potentialAction":[{"@type":"SearchAction","target":{"@type":"EntryPoint","urlTemplate":"https:\/\/vino4vibes.de\/?s={search_term_string}"},"query-input":{"@type":"PropertyValueSpecification","valueRequired":true,"valueName":"search_term_string"}}],"inLanguage":"en-US"},{"@type":"Organization","@id":"https:\/\/vino4vibes.de\/#organization","name":"Vino4Vibes","url":"https:\/\/vino4vibes.de\/","logo":{"@type":"ImageObject","inLanguage":"en-US","@id":"https:\/\/vino4vibes.de\/#\/schema\/logo\/image\/","url":"https:\/\/vino4vibes.de\/wp-content\/uploads\/2023\/11\/V4V_Logo_10_11_23-web-schwarz.webp","contentUrl":"https:\/\/vino4vibes.de\/wp-content\/uploads\/2023\/11\/V4V_Logo_10_11_23-web-schwarz.webp","width":1200,"height":1200,"caption":"Vino4Vibes"},"image":{"@id":"https:\/\/vino4vibes.de\/#\/schema\/logo\/image\/"}}]}},"_links":{"self":[{"href":"https:\/\/vino4vibes.de\/en\/wp-json\/wp\/v2\/pages\/9","targetHints":{"allow":["GET"]}}],"collection":[{"href":"https:\/\/vino4vibes.de\/en\/wp-json\/wp\/v2\/pages"}],"about":[{"href":"https:\/\/vino4vibes.de\/en\/wp-json\/wp\/v2\/types\/page"}],"author":[{"embeddable":true,"href":"https:\/\/vino4vibes.de\/en\/wp-json\/wp\/v2\/users\/2"}],"replies":[{"embeddable":true,"href":"https:\/\/vino4vibes.de\/en\/wp-json\/wp\/v2\/comments?post=9"}],"version-history":[{"count":88,"href":"https:\/\/vino4vibes.de\/en\/wp-json\/wp\/v2\/pages\/9\/revisions"}],"predecessor-version":[{"id":1987,"href":"https:\/\/vino4vibes.de\/en\/wp-json\/wp\/v2\/pages\/9\/revisions\/1987"}],"wp:attachment":[{"href":"https:\/\/vino4vibes.de\/en\/wp-json\/wp\/v2\/media?parent=9"}],"curies":[{"name":"wp","href":"https:\/\/api.w.org\/{rel}","templated":true}]}}